{"id":8,"date":"2017-01-04T03:38:21","date_gmt":"2017-01-04T02:38:21","guid":{"rendered":"http:\/\/unfrenchie.fr\/?page_id=8"},"modified":"2017-03-24T22:21:32","modified_gmt":"2017-03-24T21:21:32","slug":"a-propos-de","status":"publish","type":"page","link":"http:\/\/unfrenchie.fr\/?page_id=8","title":{"rendered":"\u00c0 propos"},"content":{"rendered":"<h2>Pourquoi avoir fait un site tellement formidable ?<\/h2>\n<p>Direction le pays de l&#8217;Iphone levant et une th\u00e8se sur la diff\u00e9rentiation des burgers franco-am\u00e9ricain ! Vous saurez tout sur la meilleure place pour un selfie avec la statue de la libert\u00e9 et le hors-jeu au baseball, sans oublier tout ce que vous avez toujours voulu savoir sur la consommation effr\u00e9n\u00e9e de coke dans les fast food sans jamais oser le demander !<br \/>\nLe tout \u00e0 base d&#8217;hUmour avec un grand u, parce que niaiser n&#8217;est plus au programme. Des bises sauce bbq venues du pays xxl,<br \/>\n#hashtag<\/p>\n<p>&nbsp;<\/p>\n<h2>Et quid de son auteur, \u00e0 la vision de\u00a0Steve Jobs et la chevelure d&#8217;Einstein ?<\/h2>\n<p>Etudiant lyonnais explorant sa candeur face \u00e0 Chicago, il me prends le temps de discuter sur les tenants et aboutissants d&#8217;un tel p\u00e9riple :<\/p>\n<p>Ses prairies, ses \u00e9te<span class=\"text_exposed_show\">ndues de v\u00e9g\u00e9tation luxuriante, ses 12 millions de vaches grimpant aux termiti\u00e8res, sa cuisine raffin\u00e9e et ses mets sans gluten, ses petits pouce-pouce arpentant les sinueuses favelas, les puits d&#8217;eau de source, ses habitants affam\u00e9s au dialecte presque oubli\u00e9, sa faune et sa flore locale, son \u00e9conomie de fortune, ses peintures rupestres o\u00f9 l&#8217;on devine une attaque de CBO et o\u00f9 l&#8217;on peut lire &#8220;un big macus maximus offertus&#8221; le tout entre deux hummer et un Starbuck. Plus de doute, je suis bien en terrain connu.<\/span><\/p>\n<h2 class=\"_50f4\">Centres d\u2019int\u00e9r\u00eat<\/h2>\n<div class=\"_3-8w\">un peu tous sauf celui-l\u00e0<\/div>\n<h2 class=\"_50f4\">Mentions l\u00e9gales<\/h2>\n<div class=\"_3-8w\">Tout droit r\u00e9serv\u00e9. Et tout gauche aussi d&#8217;ailleurs, m\u00eame pas la peine d&#8217;essayer.<\/div>\n","protected":false},"excerpt":{"rendered":"<p>Pourquoi avoir fait un site tellement formidable ? Direction le pays de l&#8217;Iphone levant et une th\u00e8se sur la diff\u00e9rentiation des burgers franco-am\u00e9ricain ! Vous saurez tout sur la meilleure place pour un selfie avec la statue de la libert\u00e9 et le hors-jeu au baseball, sans oublier tout ce que vous avez toujours voulu savoir [&hellip;]<\/p>\n","protected":false},"author":1,"featured_media":0,"parent":0,"menu_order":0,"comment_status":"closed","ping_status":"closed","template":"","meta":{"jetpack_post_was_ever_published":false,"footnotes":""},"jetpack_sharing_enabled":true,"jetpack_shortlink":"https:\/\/wp.me\/P8sENR-8","jetpack-related-posts":[],"_links":{"self":[{"href":"http:\/\/unfrenchie.fr\/index.php?rest_route=\/wp\/v2\/pages\/8"}],"collection":[{"href":"http:\/\/unfrenchie.fr\/index.php?rest_route=\/wp\/v2\/pages"}],"about":[{"href":"http:\/\/unfrenchie.fr\/index.php?rest_route=\/wp\/v2\/types\/page"}],"author":[{"embeddable":true,"href":"http:\/\/unfrenchie.fr\/index.php?rest_route=\/wp\/v2\/users\/1"}],"replies":[{"embeddable":true,"href":"http:\/\/unfrenchie.fr\/index.php?rest_route=%2Fwp%2Fv2%2Fcomments&post=8"}],"version-history":[{"count":6,"href":"http:\/\/unfrenchie.fr\/index.php?rest_route=\/wp\/v2\/pages\/8\/revisions"}],"predecessor-version":[{"id":137,"href":"http:\/\/unfrenchie.fr\/index.php?rest_route=\/wp\/v2\/pages\/8\/revisions\/137"}],"wp:attachment":[{"href":"http:\/\/unfrenchie.fr\/index.php?rest_route=%2Fwp%2Fv2%2Fmedia&parent=8"}],"curies":[{"name":"wp","href":"https:\/\/api.w.org\/{rel}","templated":true}]}}