{"id":10,"date":"2017-01-04T03:38:21","date_gmt":"2017-01-04T02:38:21","guid":{"rendered":"http:\/\/unfrenchie.fr\/?page_id=10"},"modified":"2017-04-18T06:14:18","modified_gmt":"2017-04-18T04:14:18","slug":"blog","status":"publish","type":"page","link":"http:\/\/unfrenchie.fr\/?page_id=10","title":{"rendered":"Articles"},"content":{"rendered":"","protected":false},"excerpt":{"rendered":"<p>Des r\u00e8gles du baseball jusqu&#8217;\u00e0 la meilleure place pour un selfie avec la statue de la libert\u00e9, vous saurez tout sur le pays de l&#8217;Iphone levant. A la fronti\u00e8re entre tout et n&#8217;importe quoi, L&#8217;hUmour avec un grand u parce que niaiser n&#8217;est plus au programme.<\/p>\n<p>#Hashtag<\/p>\n","protected":false},"author":1,"featured_media":123,"parent":0,"menu_order":0,"comment_status":"open","ping_status":"open","template":"","meta":{"jetpack_post_was_ever_published":false,"footnotes":""},"jetpack_sharing_enabled":true,"jetpack_shortlink":"https:\/\/wp.me\/P8sENR-a","jetpack-related-posts":[],"_links":{"self":[{"href":"http:\/\/unfrenchie.fr\/index.php?rest_route=\/wp\/v2\/pages\/10"}],"collection":[{"href":"http:\/\/unfrenchie.fr\/index.php?rest_route=\/wp\/v2\/pages"}],"about":[{"href":"http:\/\/unfrenchie.fr\/index.php?rest_route=\/wp\/v2\/types\/page"}],"author":[{"embeddable":true,"href":"http:\/\/unfrenchie.fr\/index.php?rest_route=\/wp\/v2\/users\/1"}],"replies":[{"embeddable":true,"href":"http:\/\/unfrenchie.fr\/index.php?rest_route=%2Fwp%2Fv2%2Fcomments&post=10"}],"version-history":[{"count":7,"href":"http:\/\/unfrenchie.fr\/index.php?rest_route=\/wp\/v2\/pages\/10\/revisions"}],"predecessor-version":[{"id":192,"href":"http:\/\/unfrenchie.fr\/index.php?rest_route=\/wp\/v2\/pages\/10\/revisions\/192"}],"wp:featuredmedia":[{"embeddable":true,"href":"http:\/\/unfrenchie.fr\/index.php?rest_route=\/wp\/v2\/media\/123"}],"wp:attachment":[{"href":"http:\/\/unfrenchie.fr\/index.php?rest_route=%2Fwp%2Fv2%2Fmedia&parent=10"}],"curies":[{"name":"wp","href":"https:\/\/api.w.org\/{rel}","templated":true}]}}